{"id":3,"date":"2025-05-05T20:09:35","date_gmt":"2025-05-05T20:09:35","guid":{"rendered":"https:\/\/medistano.com\/?page_id=3"},"modified":"2025-06-11T12:24:53","modified_gmt":"2025-06-11T12:24:53","slug":"privacy-policy","status":"publish","type":"page","link":"https:\/\/medistano.com\/it\/privacy-policy\/","title":{"rendered":"Politica Sulla Privacy"},"content":{"rendered":"<p>Politica Sulla Privacy <br \/>==============<\/p>\r\n<p>Last updated: June 11, 2025<\/p>\r\n<p>This Privacy Policy describes Our policies and procedures on the collection,<br \/>use and disclosure of Your information when You use the Service and tells You<br \/>about Your privacy rights and how the law protects You.<\/p>\r\n<p>We use Your Personal data to provide and improve the Service. By using the<br \/>Service, You agree to the collection and use of information in accordance with<br \/>this Privacy Policy. This Privacy Policy has been created with the help of the<br \/>[Free Privacy Policy Generator](https:\/\/www.freeprivacypolicy.com\/free-<br \/>privacy-policy-generator\/).<\/p>\r\n<p>Interpretation and Definitions <br \/>&#8212;&#8212;&#8212;&#8212;&#8212;&#8212;&#8212;&#8212;&#8212;&#8212;<\/p>\r\n<p>Interpretation <br \/>~~~~~~~~~~~~~~<\/p>\r\n<p>The words of which the initial letter is capitalized have meanings defined<br \/>under the following conditions. The following definitions shall have the same<br \/>meaning regardless of whether they appear in singular or in plural.<\/p>\r\n<p>Definitions <br \/>~~~~~~~~~~~<\/p>\r\n<p>For the purposes of this Privacy Policy:<\/p>\r\n<p>* Account means a unique account created for You to access our Service or<br \/>parts of our Service.<\/p>\r\n<p>* Affiliate means an entity that controls, is controlled by or is under<br \/>common control with a party, where &#8220;control&#8221; means ownership of 50% or<br \/>more of the shares, equity interest or other securities entitled to vote<br \/>for election of directors or other managing authority.<\/p>\r\n<p>* Company (referred to as either &#8220;the Company&#8221;, &#8220;We&#8221;, &#8220;Us&#8221; or &#8220;Our&#8221; in this<br \/>Agreement) refers to Medistano Sa\u011fl\u0131k ve Dan\u0131\u015fmanl\u0131k Limited \u015eirketi,<br \/>Mimar Sinan Mah. Selamiali Efendi Cad. Karde\u015fler Apt Blok No: 66 i\u00e7 kap\u0131<br \/>No: A \u00dcsk\u00fcdar \/ Istanbul.<\/p>\r\n<p>* Cookies are small files that are placed on Your computer, mobile device or<br \/>any other device by a website, containing the details of Your browsing<br \/>history on that website among its many uses.<\/p>\r\n<p>* Country refers to: Turkey<\/p>\r\n<p>* Device means any device that can access the Service such as a computer, a<br \/>cellphone or a digital tablet.<\/p>\r\n<p>* Personal Data is any information that relates to an identified or<br \/>identifiable individual.<\/p>\r\n<p>* Service refers to the Website.<\/p>\r\n<p>* Service Provider means any natural or legal person who processes the data<br \/>on behalf of the Company. It refers to third-party companies or<br \/>individuals employed by the Company to facilitate the Service, to provide<br \/>the Service on behalf of the Company, to perform services related to the<br \/>Service or to assist the Company in analyzing how the Service is used.<\/p>\r\n<p>* Usage Data refers to data collected automatically, either generated by the<br \/>use of the Service or from the Service infrastructure itself (for example,<br \/>the duration of a page visit).<\/p>\r\n<p>* Website refers to Medistano, accessible from &lt;https:\/\/medistano.com\/&gt;<\/p>\r\n<p>* You means the individual accessing or using the Service, or the company,<br \/>or other legal entity on behalf of which such individual is accessing or<br \/>using the Service, as applicable.<\/p>\r\n<p><br \/>Collecting and Using Your Personal Data <br \/>&#8212;&#8212;&#8212;&#8212;&#8212;&#8212;&#8212;&#8212;&#8212;&#8212;&#8212;&#8212;&#8212;<\/p>\r\n<p>Types of Data Collected <br \/>~~~~~~~~~~~~~~~~~~~~~~~<\/p>\r\n<p>Personal Data <br \/>*************<\/p>\r\n<p>While using Our Service, We may ask You to provide Us with certain personally<br \/>identifiable information that can be used to contact or identify You.<br \/>Personally identifiable information may include, but is not limited to:<\/p>\r\n<p>* Email address<\/p>\r\n<p>* First name and last name<\/p>\r\n<p>* Phone number<\/p>\r\n<p>* Usage Data<\/p>\r\n<p><br \/>Usage Data <br \/>**********<\/p>\r\n<p>Usage Data is collected automatically when using the Service.<\/p>\r\n<p>Usage Data may include information such as Your Device&#8217;s Internet Protocol<br \/>address (e.g. IP address), browser type, browser version, the pages of our<br \/>Service that You visit, the time and date of Your visit, the time spent on<br \/>those pages, unique device identifiers and other diagnostic data.<\/p>\r\n<p>When You access the Service by or through a mobile device, We may collect<br \/>certain information automatically, including, but not limited to, the type of<br \/>mobile device You use, Your mobile device unique ID, the IP address of Your<br \/>mobile device, Your mobile operating system, the type of mobile Internet<br \/>browser You use, unique device identifiers and other diagnostic data.<\/p>\r\n<p>We may also collect information that Your browser sends whenever You visit our<br \/>Service or when You access the Service by or through a mobile device.<\/p>\r\n<p>Tracking Technologies and Cookies <br \/>*********************************<\/p>\r\n<p>We use Cookies and similar tracking technologies to track the activity on Our<br \/>Service and store certain information. Tracking technologies used are beacons,<br \/>tags, and scripts to collect and track information and to improve and analyze<br \/>Our Service. The technologies We use may include:<\/p>\r\n<p>* Cookies or Browser Cookies. A cookie is a small file placed on Your<br \/>Device. You can instruct Your browser to refuse all Cookies or to indicate<br \/>when a Cookie is being sent. However, if You do not accept Cookies, You<br \/>may not be able to use some parts of our Service. Unless you have adjusted<br \/>Your browser setting so that it will refuse Cookies, our Service may use<br \/>Cookies.<br \/>* Web Beacons. Certain sections of our Service and our emails may contain<br \/>small electronic files known as web beacons (also referred to as clear<br \/>gifs, pixel tags, and single-pixel gifs) that permit the Company, for<br \/>example, to count users who have visited those pages or opened an email<br \/>and for other related website statistics (for example, recording the<br \/>popularity of a certain section and verifying system and server<br \/>integrity).<\/p>\r\n<p>Cookies can be &#8220;Persistent&#8221; or &#8220;Session&#8221; Cookies. Persistent Cookies remain on<br \/>Your personal computer or mobile device when You go offline, while Session<br \/>Cookies are deleted as soon as You close Your web browser. Learn more about<br \/>cookies on the [Free Privacy Policy<br \/>website](https:\/\/www.freeprivacypolicy.com\/blog\/sample-privacy-policy-<br \/>template\/#Use_Of_Cookies_And_Tracking) article.<\/p>\r\n<p>We use both Session and Persistent Cookies for the purposes set out below:<\/p>\r\n<p>* Necessary \/ Essential Cookies<\/p>\r\n<p>Type: Session Cookies<\/p>\r\n<p>Administered by: Us<\/p>\r\n<p>Purpose: These Cookies are essential to provide You with services<br \/>available through the Website and to enable You to use some of its<br \/>features. They help to authenticate users and prevent fraudulent use of<br \/>user accounts. Without these Cookies, the services that You have asked for<br \/>cannot be provided, and We only use these Cookies to provide You with<br \/>those services.<\/p>\r\n<p>* Cookies Policy \/ Notice Acceptance Cookies<\/p>\r\n<p>Type: Persistent Cookies<\/p>\r\n<p>Administered by: Us<\/p>\r\n<p>Purpose: These Cookies identify if users have accepted the use of cookies<br \/>on the Website.<\/p>\r\n<p>* Functionality Cookies<\/p>\r\n<p>Type: Persistent Cookies<\/p>\r\n<p>Administered by: Us<\/p>\r\n<p>Purpose: These Cookies allow us to remember choices You make when You use<br \/>the Website, such as remembering your login details or language<br \/>preference. The purpose of these Cookies is to provide You with a more<br \/>personal experience and to avoid You having to re-enter your preferences<br \/>every time You use the Website.<\/p>\r\n<p>For more information about the cookies we use and your choices regarding<br \/>cookies, please visit our Cookies Policy or the Cookies section of our Privacy<br \/>Policy.<\/p>\r\n<p>Use of Your Personal Data <br \/>~~~~~~~~~~~~~~~~~~~~~~~~~<\/p>\r\n<p>The Company may use Personal Data for the following purposes:<\/p>\r\n<p>* To provide and maintain our Service , including to monitor the usage of<br \/>our Service.<\/p>\r\n<p>* To manage Your Account: to manage Your registration as a user of the<br \/>Service. The Personal Data You provide can give You access to different<br \/>functionalities of the Service that are available to You as a registered<br \/>user.<\/p>\r\n<p>* For the performance of a contract: the development, compliance and<br \/>undertaking of the purchase contract for the products, items or services<br \/>You have purchased or of any other contract with Us through the Service.<\/p>\r\n<p>* To contact You: To contact You by email, telephone calls, SMS, or other<br \/>equivalent forms of electronic communication, such as a mobile<br \/>application&#8217;s push notifications regarding updates or informative<br \/>communications related to the functionalities, products or contracted<br \/>services, including the security updates, when necessary or reasonable for<br \/>their implementation.<\/p>\r\n<p>* To provide You with news, special offers and general information about<br \/>other goods, services and events which we offer that are similar to those<br \/>that you have already purchased or enquired about unless You have opted<br \/>not to receive such information.<\/p>\r\n<p>* To manage Your requests: To attend and manage Your requests to Us.<\/p>\r\n<p>* For business transfers: We may use Your information to evaluate or conduct<br \/>a merger, divestiture, restructuring, reorganization, dissolution, or<br \/>other sale or transfer of some or all of Our assets, whether as a going<br \/>concern or as part of bankruptcy, liquidation, or similar proceeding, in<br \/>which Personal Data held by Us about our Service users is among the assets<br \/>transferred.<\/p>\r\n<p>* For other purposes : We may use Your information for other purposes, such<br \/>as data analysis, identifying usage trends, determining the effectiveness<br \/>of our promotional campaigns and to evaluate and improve our Service,<br \/>products, services, marketing and your experience.<\/p>\r\n<p><br \/>We may share Your personal information in the following situations:<\/p>\r\n<p>* With Service Providers: We may share Your personal information with<br \/>Service Providers to monitor and analyze the use of our Service, to<br \/>contact You.<br \/>* For business transfers: We may share or transfer Your personal information<br \/>in connection with, or during negotiations of, any merger, sale of Company<br \/>assets, financing, or acquisition of all or a portion of Our business to<br \/>another company.<br \/>* With Affiliates: We may share Your information with Our affiliates, in<br \/>which case we will require those affiliates to honor this Privacy Policy.<br \/>Affiliates include Our parent company and any other subsidiaries, joint<br \/>venture partners or other companies that We control or that are under<br \/>common control with Us.<br \/>* With business partners: We may share Your information with Our business<br \/>partners to offer You certain products, services or promotions.<br \/>* With other users: when You share personal information or otherwise<br \/>interact in the public areas with other users, such information may be<br \/>viewed by all users and may be publicly distributed outside.<br \/>* With Your consent : We may disclose Your personal information for any<br \/>other purpose with Your consent.<\/p>\r\n<p>Retention of Your Personal Data <br \/>~~~~~~~~~~~~~~~~~~~~~~~~~~~~~~~<\/p>\r\n<p>The Company will retain Your Personal Data only for as long as is necessary<br \/>for the purposes set out in this Privacy Policy. We will retain and use Your<br \/>Personal Data to the extent necessary to comply with our legal obligations<br \/>(for example, if we are required to retain your data to comply with applicable<br \/>laws), resolve disputes, and enforce our legal agreements and policies.<\/p>\r\n<p>The Company will also retain Usage Data for internal analysis purposes. Usage<br \/>Data is generally retained for a shorter period of time, except when this data<br \/>is used to strengthen the security or to improve the functionality of Our<br \/>Service, or We are legally obligated to retain this data for longer time<br \/>periods.<\/p>\r\n<p>Transfer of Your Personal Data <br \/>~~~~~~~~~~~~~~~~~~~~~~~~~~~~~~<\/p>\r\n<p>Your information, including Personal Data, is processed at the Company&#8217;s<br \/>operating offices and in any other places where the parties involved in the<br \/>processing are located. It means that this information may be transferred to \u2014<br \/>and maintained on \u2014 computers located outside of Your state, province, country<br \/>or other governmental jurisdiction where the data protection laws may differ<br \/>than those from Your jurisdiction.<\/p>\r\n<p>Your consent to this Privacy Policy followed by Your submission of such<br \/>information represents Your agreement to that transfer.<\/p>\r\n<p>The Company will take all steps reasonably necessary to ensure that Your data<br \/>is treated securely and in accordance with this Privacy Policy and no transfer<br \/>of Your Personal Data will take place to an organization or a country unless<br \/>there are adequate controls in place including the security of Your data and<br \/>other personal information.<\/p>\r\n<p>Delete Your Personal Data <br \/>~~~~~~~~~~~~~~~~~~~~~~~~~<\/p>\r\n<p>You have the right to delete or request that We assist in deleting the<br \/>Personal Data that We have collected about You.<\/p>\r\n<p>Our Service may give You the ability to delete certain information about You<br \/>from within the Service.<\/p>\r\n<p>You may update, amend, or delete Your information at any time by signing in to<br \/>Your Account, if you have one, and visiting the account settings section that<br \/>allows you to manage Your personal information. You may also contact Us to<br \/>request access to, correct, or delete any personal information that You have<br \/>provided to Us.<\/p>\r\n<p>Please note, however, that We may need to retain certain information when we<br \/>have a legal obligation or lawful basis to do so.<\/p>\r\n<p>Disclosure of Your Personal Data <br \/>~~~~~~~~~~~~~~~~~~~~~~~~~~~~~~~~<\/p>\r\n<p>Business Transactions <br \/>*********************<\/p>\r\n<p>If the Company is involved in a merger, acquisition or asset sale, Your<br \/>Personal Data may be transferred. We will provide notice before Your Personal<br \/>Data is transferred and becomes subject to a different Privacy Policy.<\/p>\r\n<p>Law enforcement <br \/>***************<\/p>\r\n<p>Under certain circumstances, the Company may be required to disclose Your<br \/>Personal Data if required to do so by law or in response to valid requests by<br \/>public authorities (e.g. a court or a government agency).<\/p>\r\n<p>Other legal requirements <br \/>************************<\/p>\r\n<p>The Company may disclose Your Personal Data in the good faith belief that such<br \/>action is necessary to:<\/p>\r\n<p>* Comply with a legal obligation<br \/>* Protect and defend the rights or property of the Company<br \/>* Prevent or investigate possible wrongdoing in connection with the Service<br \/>* Protect the personal safety of Users of the Service or the public<br \/>* Protect against legal liability<\/p>\r\n<p>Security of Your Personal Data <br \/>~~~~~~~~~~~~~~~~~~~~~~~~~~~~~~<\/p>\r\n<p>The security of Your Personal Data is important to Us, but remember that no<br \/>method of transmission over the Internet, or method of electronic storage is<br \/>100% secure. While We strive to use commercially acceptable means to protect<br \/>Your Personal Data, We cannot guarantee its absolute security.<\/p>\r\n<p>Children&#8217;s Privacy <br \/>&#8212;&#8212;&#8212;&#8212;&#8212;&#8212;<\/p>\r\n<p>Our Service does not address anyone under the age of 13. We do not knowingly<br \/>collect personally identifiable information from anyone under the age of 13.<br \/>If You are a parent or guardian and You are aware that Your child has provided<br \/>Us with Personal Data, please contact Us. If We become aware that We have<br \/>collected Personal Data from anyone under the age of 13 without verification<br \/>of parental consent, We take steps to remove that information from Our<br \/>servers.<\/p>\r\n<p>If We need to rely on consent as a legal basis for processing Your information<br \/>and Your country requires consent from a parent, We may require Your parent&#8217;s<br \/>consent before We collect and use that information.<\/p>\r\n<p>Links to Other Websites <br \/>&#8212;&#8212;&#8212;&#8212;&#8212;&#8212;&#8212;&#8211;<\/p>\r\n<p>Our Service may contain links to other websites that are not operated by Us.<br \/>If You click on a third party link, You will be directed to that third party&#8217;s<br \/>site. We strongly advise You to review the Privacy Policy of every site You<br \/>visit.<\/p>\r\n<p>We have no control over and assume no responsibility for the content, privacy<br \/>policies or practices of any third party sites or services.<\/p>\r\n<p>Changes to this Privacy Policy <br \/>&#8212;&#8212;&#8212;&#8212;&#8212;&#8212;&#8212;&#8212;&#8212;&#8212;<\/p>\r\n<p>We may update Our Privacy Policy from time to time. We will notify You of any<br \/>changes by posting the new Privacy Policy on this page.<\/p>\r\n<p>We will let You know via email and\/or a prominent notice on Our Service, prior<br \/>to the change becoming effective and update the &#8220;Last updated&#8221; date at the top<br \/>of this Privacy Policy.<\/p>\r\n<p>You are advised to review this Privacy Policy periodically for any changes.<br \/>Changes to this Privacy Policy are effective when they are posted on this<br \/>page.<\/p>\r\n<p>Contact Us <br \/>&#8212;&#8212;&#8212;-<\/p>\r\n<p>If you have any questions about this Privacy Policy, You can contact us:<\/p>\r\n<p>* By email: info@medistano.com<\/p>\r\n<p>* By phone number: +905442304349<\/p>","protected":false},"excerpt":{"rendered":"<p>Privacy Policy ============== Last updated: June 11, 2025 This Privacy Policy describes Our policies and [&hellip;]<\/p>","protected":false},"author":1,"featured_media":0,"parent":0,"menu_order":0,"comment_status":"closed","ping_status":"open","template":"","meta":{"footnotes":""},"class_list":["post-3","page","type-page","status-publish","hentry"],"_links":{"self":[{"href":"https:\/\/medistano.com\/it\/wp-json\/wp\/v2\/pages\/3","targetHints":{"allow":["GET"]}}],"collection":[{"href":"https:\/\/medistano.com\/it\/wp-json\/wp\/v2\/pages"}],"about":[{"href":"https:\/\/medistano.com\/it\/wp-json\/wp\/v2\/types\/page"}],"author":[{"embeddable":true,"href":"https:\/\/medistano.com\/it\/wp-json\/wp\/v2\/users\/1"}],"replies":[{"embeddable":true,"href":"https:\/\/medistano.com\/it\/wp-json\/wp\/v2\/comments?post=3"}],"version-history":[{"count":1,"href":"https:\/\/medistano.com\/it\/wp-json\/wp\/v2\/pages\/3\/revisions"}],"predecessor-version":[{"id":9720,"href":"https:\/\/medistano.com\/it\/wp-json\/wp\/v2\/pages\/3\/revisions\/9720"}],"wp:attachment":[{"href":"https:\/\/medistano.com\/it\/wp-json\/wp\/v2\/media?parent=3"}],"curies":[{"name":"wp","href":"https:\/\/api.w.org\/{rel}","templated":true}]}}